{"id":546,"date":"2026-01-26T21:53:48","date_gmt":"2026-01-26T21:53:48","guid":{"rendered":"https:\/\/sirena-security.com\/?page_id=546"},"modified":"2026-02-13T17:02:15","modified_gmt":"2026-02-13T17:02:15","slug":"aviso-legal","status":"publish","type":"page","link":"https:\/\/sirena-security.com\/es\/aviso-legal\/","title":{"rendered":"Aviso legal"},"content":{"rendered":"<h1>Aviso Legal<\/h1>\n<p>NUNSYS S.A., con CIF A97929566, titular de la p\u00e1gina web www.nunsys.com, inscrita en el Registro Mercantil de Valencia, Tomo 8732, Libro 6019, Folio 32, Secci\u00f3n, Hoja V-123647, en cumplimiento de lo dispuesto en la Ley 34\/2002, de 11 de julio, de Servicios de la Sociedad de la Informaci\u00f3n y de Comercio Electr\u00f3nico (LSSICE), y de conformidad con la normativa vigente en materia de protecci\u00f3n de datos personales, el Reglamento (UE) 2016\/679, de 27 de abril de 2016 (RGPD), y la Ley Org\u00e1nica 3\/2018, de 5 de diciembre (LOPDGDD), presenta la siguiente informaci\u00f3n:<\/p>\n<h2>Datos Identificativos<\/h2>\n<p><strong>NUNSYS S.A.<\/strong><\/p>\n<p><strong>Domicilio fiscal:<\/strong> C\/ Gustave Eiffel, 3. Parque Tecnol\u00f3gico, 46980 Paterna (Valencia), Espa\u00f1a<\/p>\n<p><strong>Tel\u00e9fono de contacto:<\/strong> 960 500 631<\/p>\n<p><strong>Correo electr\u00f3nico:<\/strong> info@nunsys.com<\/p>\n<p><strong>Contacto del Delegado de Protecci\u00f3n de Datos:<\/strong> dpo@nunsys.com<\/p>\n<h2>Condiciones y Uso de la Web<\/h2>\n<p>La prestaci\u00f3n de los servicios por parte de NUNSYS S.A. tiene car\u00e1cter gratuito para todos los usuarios.<\/p>\n<p>Con car\u00e1cter general, la prestaci\u00f3n de los servicios no exige la previa suscripci\u00f3n o registro de los usuarios.<\/p>\n<p>En aquellos casos en los que la prestaci\u00f3n del servicio se condicione a la previa cumplimentaci\u00f3n del correspondiente registro de usuario, \u00e9ste se efectuar\u00e1 en la forma expresamente indicada en la propia secci\u00f3n del servicio.<\/p>\n<p>El usuario garantiza la autenticidad y veracidad de los datos comunicados a trav\u00e9s de los formularios de suscripci\u00f3n a los servicios. Ser\u00e1 responsabilidad del usuario mantener toda la informaci\u00f3n facilitada permanentemente actualizada, de forma que responda en cada momento a su situaci\u00f3n real. En todo caso, el usuario ser\u00e1 el \u00fanico responsable de las manifestaciones falsas o inexactas que realice y de los perjuicios que cause al prestador o a terceros.<\/p>\n<h2>Propiedad Intelectual e Industrial<\/h2>\n<p>Los contenidos de toda \u00edndole incluidos en la p\u00e1gina web www.nunsys.com, incluyendo, a t\u00edtulo meramente enunciativo, im\u00e1genes, ilustraciones, fotograf\u00edas, textos, marcas, logotipos o dise\u00f1os, son propiedad de NUNSYS S.A. y\/o de otros colaboradores leg\u00edtimos que han concedido los correspondientes derechos de uso. La propiedad industrial e intelectual sobre todos los contenidos mencionados se encuentra debidamente protegida por la legislaci\u00f3n espa\u00f1ola.<\/p>\n<p>Cualquier uso total o parcial de los contenidos del portal, consistente en su reproducci\u00f3n, distribuci\u00f3n o comunicaci\u00f3n p\u00fablica en cualquier modalidad y por cualquier medio, est\u00e1 estrictamente prohibido salvo autorizaci\u00f3n expresa y por escrito de NUNSYS S.A.<\/p>\n<h2>Exclusi\u00f3n de Garant\u00edas y Responsabilidad<\/h2>\n<p>NUNSYS S.A. no se hace responsable de la legalidad de otros sitios web de terceros desde los que pueda accederse al portal, ni responde por la legalidad de otros sitios web de terceros que pudieran estar vinculados o enlazados desde este portal.<\/p>\n<p>Asimismo, no se hace responsable del uso que terceros hagan de la informaci\u00f3n publicada en el portal, ni de los da\u00f1os y perjuicios de cualquier naturaleza que puedan derivarse del uso de dicha informaci\u00f3n.<\/p>\n<p>La entidad se reserva el derecho de retirar aquellos comentarios y aportaciones que vulneren el respeto a la dignidad de la persona, que sean discriminatorios, xen\u00f3fobos, racistas, pornogr\u00e1ficos, que atenten contra la juventud o la infancia, el orden o la seguridad p\u00fablica o que, a su criterio, no resulten adecuados para su publicaci\u00f3n. En cualquier caso, no ser\u00e1 responsable de las opiniones manifestadas por los usuarios a trav\u00e9s de foros, chats u otras herramientas.<\/p>\n<p>El usuario se compromete a hacer un uso adecuado de los contenidos y servicios que la entidad ofrece a trav\u00e9s de su p\u00e1gina web.<\/p>\n<h2>Modificaci\u00f3n de los Contenidos<\/h2>\n<p>NUNSYS S.A. se reserva el derecho de realizar en el portal, sin previo aviso, las modificaciones o actualizaciones que considere oportunas.<\/p>\n<h2>Enlaces<\/h2>\n<p>En el caso de que en el portal se dispusieran enlaces o hiperv\u00ednculos hacia otros sitios de Internet, NUNSYS S.A. no ejercer\u00e1 ning\u00fan tipo de control sobre dichos sitios y contenidos. NUNSYS S.A. no asumir\u00e1 responsabilidad alguna por los contenidos de enlaces pertenecientes a sitios web ajenos, ni garantizar\u00e1 la disponibilidad t\u00e9cnica, calidad, fiabilidad, exactitud, amplitud, veracidad, validez o constitucionalidad de cualquier material o informaci\u00f3n contenida en dichos hiperv\u00ednculos u otros sitios de Internet.<\/p>\n<p>La inclusi\u00f3n de estas conexiones externas no implicar\u00e1 ning\u00fan tipo de asociaci\u00f3n, fusi\u00f3n o participaci\u00f3n con las entidades conectadas.<\/p>\n<h2>Cookies<\/h2>\n<p>NUNSYS S.A. utilizar\u00e1 cookies para el correcto funcionamiento de la p\u00e1gina web. Si desea m\u00e1s informaci\u00f3n acerca de qu\u00e9 es una cookie, el tipo de cookies que utiliza la p\u00e1gina web y su finalidad, acceda a nuestra Pol\u00edtica de Cookies.<\/p>\n<h2>Protecci\u00f3n de Datos<\/h2>\n<p>La entidad cumple con lo indicado en la Ley Org\u00e1nica 3\/2018, de 5 de diciembre, de Protecci\u00f3n de Datos Personales y garant\u00eda de los derechos digitales, el Reglamento (UE) 2016\/679 del Parlamento Europeo y del Consejo, de 27 de abril de 2016, y dem\u00e1s normativa vigente relativa al tratamiento de datos personales del usuario. Para conocer m\u00e1s informaci\u00f3n acerca de c\u00f3mo tratamos sus datos personales, acceda a nuestra Pol\u00edtica de Privacidad.<\/p>\n<h2>Menores de Edad<\/h2>\n<p>Le informamos de que el portal de NUNSYS S.A. dirige sus servicios a mayores de 18 a\u00f1os.<\/p>\n<p>La responsabilidad en la determinaci\u00f3n de los contenidos concretos a los que acceden los menores corresponde a los padres o tutores legales.<\/p>\n<h2>Modificaci\u00f3n de las Presentes Condiciones y Duraci\u00f3n<\/h2>\n<p>NUNSYS S.A. podr\u00e1 modificar en cualquier momento las condiciones expuestas en la p\u00e1gina web.<\/p>\n<p>La vigencia de las citadas condiciones depender\u00e1 de su publicaci\u00f3n y permanecer\u00e1n en vigor hasta que sean modificadas por otras.<\/p>\n<h2>Legislaci\u00f3n Aplicable y Jurisdicci\u00f3n<\/h2>\n<p>Para la resoluci\u00f3n de las controversias o cuestiones relacionadas con la presente p\u00e1gina web que puedan surgir entre la entidad y el usuario, ser\u00e1 de aplicaci\u00f3n la legislaci\u00f3n espa\u00f1ola, a la que las partes se someten expresamente. Ser\u00e1n competentes para la resoluci\u00f3n de todos los conflictos derivados o relacionados con su uso los Juzgados y Tribunales de Valencia.<\/p>\n","protected":false},"excerpt":{"rendered":"<p>Aviso Legal NUNSYS S.A., con CIF A97929566, titular de la p\u00e1gina web www.nunsys.com, inscrita en el Registro Mercantil de Valencia, Tomo 8732, Libro 6019, Folio 32, Secci\u00f3n, Hoja V-123647, en cumplimiento de lo dispuesto en la Ley 34\/2002, de 11 de julio, de Servicios de la Sociedad de la Informaci\u00f3n y de Comercio Electr\u00f3nico (LSSICE), [&#8230;]\n","protected":false},"author":1,"featured_media":0,"parent":0,"menu_order":0,"comment_status":"closed","ping_status":"closed","template":"","meta":{"footnotes":""},"class_list":["post-546","page","type-page","status-publish","hentry"],"yoast_head":"<!-- This site is optimized with the Yoast SEO plugin v26.9 - https:\/\/yoast.com\/product\/yoast-seo-wordpress\/ -->\n<title>Aviso legal - Sirena Security<\/title>\n<meta name=\"robots\" content=\"index, follow, max-snippet:-1, max-image-preview:large, max-video-preview:-1\" \/>\n<link rel=\"canonical\" href=\"https:\/\/sirena-security.com\/es\/aviso-legal\/\" \/>\n<meta property=\"og:locale\" content=\"es_ES\" \/>\n<meta property=\"og:type\" content=\"article\" \/>\n<meta property=\"og:title\" content=\"Aviso legal - Sirena Security\" \/>\n<meta property=\"og:description\" content=\"Aviso Legal NUNSYS S.A., con CIF A97929566, titular de la p\u00e1gina web www.nunsys.com, inscrita en el Registro Mercantil de Valencia, Tomo 8732, Libro 6019, Folio 32, Secci\u00f3n, Hoja V-123647, en cumplimiento de lo dispuesto en la Ley 34\/2002, de 11 de julio, de Servicios de la Sociedad de la Informaci\u00f3n y de Comercio Electr\u00f3nico (LSSICE), [...]\" \/>\n<meta property=\"og:url\" content=\"https:\/\/sirena-security.com\/es\/aviso-legal\/\" \/>\n<meta property=\"og:site_name\" content=\"Sirena Security\" \/>\n<meta property=\"article:modified_time\" content=\"2026-02-13T17:02:15+00:00\" \/>\n<meta property=\"og:image\" content=\"https:\/\/sirena-security.com\/wp-content\/uploads\/2026\/01\/sirena-security.jpg\" \/>\n\t<meta property=\"og:image:width\" content=\"1500\" \/>\n\t<meta property=\"og:image:height\" content=\"844\" \/>\n\t<meta property=\"og:image:type\" content=\"image\/jpeg\" \/>\n<meta name=\"twitter:card\" content=\"summary_large_image\" \/>\n<meta name=\"twitter:label1\" content=\"Tiempo de lectura\" \/>\n\t<meta name=\"twitter:data1\" content=\"5 minutos\" \/>\n<script type=\"application\/ld+json\" class=\"yoast-schema-graph\">{\"@context\":\"https:\/\/schema.org\",\"@graph\":[{\"@type\":\"WebPage\",\"@id\":\"https:\/\/sirena-security.com\/es\/aviso-legal\/\",\"url\":\"https:\/\/sirena-security.com\/es\/aviso-legal\/\",\"name\":\"Aviso legal - Sirena Security\",\"isPartOf\":{\"@id\":\"https:\/\/sirena-security.com\/#website\"},\"datePublished\":\"2026-01-26T21:53:48+00:00\",\"dateModified\":\"2026-02-13T17:02:15+00:00\",\"breadcrumb\":{\"@id\":\"https:\/\/sirena-security.com\/es\/aviso-legal\/#breadcrumb\"},\"inLanguage\":\"es\",\"potentialAction\":[{\"@type\":\"ReadAction\",\"target\":[\"https:\/\/sirena-security.com\/es\/aviso-legal\/\"]}]},{\"@type\":\"BreadcrumbList\",\"@id\":\"https:\/\/sirena-security.com\/es\/aviso-legal\/#breadcrumb\",\"itemListElement\":[{\"@type\":\"ListItem\",\"position\":1,\"name\":\"Home\",\"item\":\"https:\/\/sirena-security.com\/es\/\"},{\"@type\":\"ListItem\",\"position\":2,\"name\":\"Aviso legal\"}]},{\"@type\":\"WebSite\",\"@id\":\"https:\/\/sirena-security.com\/#website\",\"url\":\"https:\/\/sirena-security.com\/\",\"name\":\"Sirena Security\",\"description\":\"\",\"publisher\":{\"@id\":\"https:\/\/sirena-security.com\/#organization\"},\"alternateName\":\"Semantic Security\",\"potentialAction\":[{\"@type\":\"SearchAction\",\"target\":{\"@type\":\"EntryPoint\",\"urlTemplate\":\"https:\/\/sirena-security.com\/?s={search_term_string}\"},\"query-input\":{\"@type\":\"PropertyValueSpecification\",\"valueRequired\":true,\"valueName\":\"search_term_string\"}}],\"inLanguage\":\"es\"},{\"@type\":\"Organization\",\"@id\":\"https:\/\/sirena-security.com\/#organization\",\"name\":\"Sirena Security\",\"url\":\"https:\/\/sirena-security.com\/\",\"logo\":{\"@type\":\"ImageObject\",\"inLanguage\":\"es\",\"@id\":\"https:\/\/sirena-security.com\/#\/schema\/logo\/image\/\",\"url\":\"https:\/\/sirena-security.com\/wp-content\/uploads\/2026\/01\/logo.sirena.png\",\"contentUrl\":\"https:\/\/sirena-security.com\/wp-content\/uploads\/2026\/01\/logo.sirena.png\",\"width\":336,\"height\":125,\"caption\":\"Sirena Security\"},\"image\":{\"@id\":\"https:\/\/sirena-security.com\/#\/schema\/logo\/image\/\"}}]}<\/script>\n<!-- \/ Yoast SEO plugin. -->","yoast_head_json":{"title":"Aviso legal - Sirena Security","robots":{"index":"index","follow":"follow","max-snippet":"max-snippet:-1","max-image-preview":"max-image-preview:large","max-video-preview":"max-video-preview:-1"},"canonical":"https:\/\/sirena-security.com\/es\/aviso-legal\/","og_locale":"es_ES","og_type":"article","og_title":"Aviso legal - Sirena Security","og_description":"Aviso Legal NUNSYS S.A., con CIF A97929566, titular de la p\u00e1gina web www.nunsys.com, inscrita en el Registro Mercantil de Valencia, Tomo 8732, Libro 6019, Folio 32, Secci\u00f3n, Hoja V-123647, en cumplimiento de lo dispuesto en la Ley 34\/2002, de 11 de julio, de Servicios de la Sociedad de la Informaci\u00f3n y de Comercio Electr\u00f3nico (LSSICE), [...]","og_url":"https:\/\/sirena-security.com\/es\/aviso-legal\/","og_site_name":"Sirena Security","article_modified_time":"2026-02-13T17:02:15+00:00","og_image":[{"width":1500,"height":844,"url":"https:\/\/sirena-security.com\/wp-content\/uploads\/2026\/01\/sirena-security.jpg","type":"image\/jpeg"}],"twitter_card":"summary_large_image","twitter_misc":{"Tiempo de lectura":"5 minutos"},"schema":{"@context":"https:\/\/schema.org","@graph":[{"@type":"WebPage","@id":"https:\/\/sirena-security.com\/es\/aviso-legal\/","url":"https:\/\/sirena-security.com\/es\/aviso-legal\/","name":"Aviso legal - Sirena Security","isPartOf":{"@id":"https:\/\/sirena-security.com\/#website"},"datePublished":"2026-01-26T21:53:48+00:00","dateModified":"2026-02-13T17:02:15+00:00","breadcrumb":{"@id":"https:\/\/sirena-security.com\/es\/aviso-legal\/#breadcrumb"},"inLanguage":"es","potentialAction":[{"@type":"ReadAction","target":["https:\/\/sirena-security.com\/es\/aviso-legal\/"]}]},{"@type":"BreadcrumbList","@id":"https:\/\/sirena-security.com\/es\/aviso-legal\/#breadcrumb","itemListElement":[{"@type":"ListItem","position":1,"name":"Home","item":"https:\/\/sirena-security.com\/es\/"},{"@type":"ListItem","position":2,"name":"Aviso legal"}]},{"@type":"WebSite","@id":"https:\/\/sirena-security.com\/#website","url":"https:\/\/sirena-security.com\/","name":"Sirena Security","description":"","publisher":{"@id":"https:\/\/sirena-security.com\/#organization"},"alternateName":"Semantic Security","potentialAction":[{"@type":"SearchAction","target":{"@type":"EntryPoint","urlTemplate":"https:\/\/sirena-security.com\/?s={search_term_string}"},"query-input":{"@type":"PropertyValueSpecification","valueRequired":true,"valueName":"search_term_string"}}],"inLanguage":"es"},{"@type":"Organization","@id":"https:\/\/sirena-security.com\/#organization","name":"Sirena Security","url":"https:\/\/sirena-security.com\/","logo":{"@type":"ImageObject","inLanguage":"es","@id":"https:\/\/sirena-security.com\/#\/schema\/logo\/image\/","url":"https:\/\/sirena-security.com\/wp-content\/uploads\/2026\/01\/logo.sirena.png","contentUrl":"https:\/\/sirena-security.com\/wp-content\/uploads\/2026\/01\/logo.sirena.png","width":336,"height":125,"caption":"Sirena Security"},"image":{"@id":"https:\/\/sirena-security.com\/#\/schema\/logo\/image\/"}}]}},"_links":{"self":[{"href":"https:\/\/sirena-security.com\/es\/wp-json\/wp\/v2\/pages\/546","targetHints":{"allow":["GET"]}}],"collection":[{"href":"https:\/\/sirena-security.com\/es\/wp-json\/wp\/v2\/pages"}],"about":[{"href":"https:\/\/sirena-security.com\/es\/wp-json\/wp\/v2\/types\/page"}],"author":[{"embeddable":true,"href":"https:\/\/sirena-security.com\/es\/wp-json\/wp\/v2\/users\/1"}],"replies":[{"embeddable":true,"href":"https:\/\/sirena-security.com\/es\/wp-json\/wp\/v2\/comments?post=546"}],"version-history":[{"count":2,"href":"https:\/\/sirena-security.com\/es\/wp-json\/wp\/v2\/pages\/546\/revisions"}],"predecessor-version":[{"id":810,"href":"https:\/\/sirena-security.com\/es\/wp-json\/wp\/v2\/pages\/546\/revisions\/810"}],"wp:attachment":[{"href":"https:\/\/sirena-security.com\/es\/wp-json\/wp\/v2\/media?parent=546"}],"curies":[{"name":"wp","href":"https:\/\/api.w.org\/{rel}","templated":true}]}}