{"id":550,"date":"2026-01-26T21:54:02","date_gmt":"2026-01-26T21:54:02","guid":{"rendered":"https:\/\/sirena-security.com\/?page_id=550"},"modified":"2026-02-12T18:36:26","modified_gmt":"2026-02-12T18:36:26","slug":"politica-de-privacidad","status":"publish","type":"page","link":"https:\/\/sirena-security.com\/es\/politica-de-privacidad\/","title":{"rendered":"Pol\u00edtica de privacidad"},"content":{"rendered":"<h1>Pol\u00edtica de Privacidad<\/h1>\n<p>La presente Pol\u00edtica de protecci\u00f3n de datos personales (en adelante, \u201cPol\u00edtica de Privacidad\u201d) regula el tratamiento de datos personales de los usuarios web de www.nunsys.com, de acuerdo con lo establecido en la legislaci\u00f3n aplicable en materia de protecci\u00f3n de datos (Reglamento (UE) 2016\/679 y Ley Org\u00e1nica 3\/2018, de Protecci\u00f3n de Datos Personales y garant\u00eda de los derechos digitales).<\/p>\n<h2>\u00bfQui\u00e9n es el responsable del tratamiento de sus datos personales?<\/h2>\n<p><strong>Nombre del titular:<\/strong> NUNSYS S.A.<\/p>\n<p><strong>Domicilio social:<\/strong> C\/ Gustave Eiffel, 3. Parque Tecnol\u00f3gico<\/p>\n<p><strong>Poblaci\u00f3n:<\/strong> Paterna (Valencia)<\/p>\n<p><strong>C.P.:<\/strong> 46980<\/p>\n<p><strong>I.F.:<\/strong> A97929566<\/p>\n<p><strong>Tel\u00e9fono de contacto:<\/strong> 960 500 631<\/p>\n<p><strong>Correo electr\u00f3nico:<\/strong> info@nunsys.com<\/p>\n<p><strong>Contacto del Delegado de Protecci\u00f3n de Datos:<\/strong> dpo@nunsys.com<\/p>\n<p>Usted confirma y garantiza la veracidad y exactitud de los datos aportados, y que \u00e9stos se ajustan a su estado actual. En este sentido, se compromete a comunicar cualquier modificaci\u00f3n que se produjera en los mismos, de acuerdo con el procedimiento establecido en el apartado relativo al ejercicio de sus derechos.<\/p>\n<h2>\u00bfCon qu\u00e9 finalidades vamos a tratar sus datos personales?<\/h2>\n<p>Le informamos de que todos los datos tratados por NUNSYS S.A. son necesarios para las finalidades descritas en la presente Pol\u00edtica de Privacidad y que el hecho de no facilitarlos supondr\u00eda la imposibilidad de gestionar adecuadamente la relaci\u00f3n existente con usted.<\/p>\n<p>A continuaci\u00f3n, se describen las diferentes finalidades con las que se tratan sus datos personales y las bases que legitiman el tratamiento:<\/p>\n<h3>I. Tratamiento por ejecuci\u00f3n de la relaci\u00f3n contractual<\/h3>\n<ul>\n<li>Gestionar la relaci\u00f3n comercial, atendiendo a las diferentes solicitudes de informaci\u00f3n sobre los servicios ofrecidos por el Responsable.<\/li>\n<li>Formalizar la relaci\u00f3n contractual.<\/li>\n<li>Gestionar, mantener y controlar de forma efectiva la relaci\u00f3n derivada de la contrataci\u00f3n de los servicios.<\/li>\n<\/ul>\n<p>En caso de que no autorice el tratamiento de sus datos para las anteriores finalidades, ello no afectar\u00e1 al mantenimiento o cumplimiento de la relaci\u00f3n contractual que mantiene con nosotros.<\/p>\n<h3>II. Cumplimiento de una obligaci\u00f3n legal<\/h3>\n<ul>\n<li>Gestionar adecuadamente las solicitudes de ejercicio de derechos conforme a la normativa vigente en materia de protecci\u00f3n de datos.<\/li>\n<li>Comunicar sus datos a autoridades p\u00fablicas, reguladores u \u00f3rganos gubernamentales o jurisdiccionales cuando sea necesario por ley, normativa local o en cumplimiento de obligaciones regulatorias, entre otros, a las administraciones tributarias.<\/li>\n<\/ul>\n<h3>III. Consentimiento del interesado<\/h3>\n<ul>\n<li>Gestionar adecuadamente los consentimientos otorgados por los usuarios.<\/li>\n<li>Contestar a sus consultas, solicitudes o peticiones.<\/li>\n<li>Gestionar sus solicitudes de informaci\u00f3n sobre demos y contacto con nuestros expertos.<\/li>\n<li>Suscripci\u00f3n a nuestro Newsletter, con su consentimiento.<\/li>\n<li>Gestionar su solicitud de descarga de nuestros Ebook.<\/li>\n<\/ul>\n<h2>\u00bfA qui\u00e9nes comunicaremos sus datos?<\/h2>\n<p>En los t\u00e9rminos descritos en el apartado sobre las finalidades del tratamiento, NUNSYS S.A. podr\u00e1 comunicar sus datos personales a las siguientes entidades:<\/p>\n<ul>\n<li>Autoridades p\u00fablicas, reguladores u \u00f3rganos gubernamentales o jurisdiccionales cuando sea necesario por ley, normativa local o en cumplimiento de obligaciones regulatorias, entre otros, a las administraciones tributarias.<\/li>\n<li>En caso de que usted solicite la portabilidad de sus datos, sus datos personales ser\u00e1n cedidos a la entidad que usted designe.<\/li>\n<li>Cesi\u00f3n a las empresas que forman el Grupo NUNSYS cuando sean necesarias o est\u00e9n relacionadas con el servicio solicitado:\n<ul>\n<li>CSP Teleco, S.L. (B98317381)<\/li>\n<li>Idese Formaci\u00f3n, S.L. (B96291976)<\/li>\n<li>Computer BIOS, S.L. (B96271812)<\/li>\n<li>Internet Xpress, S.L. (B96430988)<\/li>\n<li>Freedom Soft, E.L (B62193479)<\/li>\n<li>Castel CRM Iberica, S.L. (B65692774)<\/li>\n<li>Hermes Ingenieria, S.L. (B96366935)<\/li>\n<li>Happydonia, S.L. (B40500050)<\/li>\n<li>Bisbal Moragues Ram\u00f3n Sistemas, S.L. (B57829251)<\/li>\n<li>SOTHIS Tecnolog\u00edas de la Informaci\u00f3n, S.L.U. (B98086598)<\/li>\n<li>Euroelettra Ingenier\u00eda, S.L. (B12849279)<\/li>\n<\/ul>\n<\/li>\n<li>Cesi\u00f3n a patrocinadores: en caso de que se inscriba en alg\u00fan evento, jornadas tecnol\u00f3gicas, formaciones, etc., patrocinados por nuestros Partners, y solo en esos casos, le informamos de que NUNSYS S.A. ceder\u00e1 sus datos a los coorganizadores, patrocinadores y\/o ponentes que participen o promocionen los cursos, conferencias y eventos organizados por NUNSYS S.A.<\/li>\n<\/ul>\n<p>La finalidad de estas cesiones es facilitar al usuario una informaci\u00f3n m\u00e1s amplia sobre las empresas y ponentes a cuyas ponencias y\/o eventos asista, as\u00ed como poder prestarle un mejor servicio.<\/p>\n<h2>Transferencias internacionales de datos<\/h2>\n<p>Como norma general, no se efect\u00faan transferencias de datos a terceros localizados o cuyos servidores se ubiquen fuera del Espacio Econ\u00f3mico Europeo. No obstante, en aquellos supuestos excepcionales en los que dichas transferencias internacionales se produzcan, se adoptar\u00e1n las medidas necesarias para que se realicen hacia un pa\u00eds u organizaci\u00f3n que ofrezca garant\u00edas adecuadas o puedan fundamentarse en los mecanismos legitimadores establecidos legalmente.<\/p>\n<h2>\u00bfDurante qu\u00e9 plazo almacenaremos sus datos?<\/h2>\n<p>Trataremos sus datos mientras sean necesarios para la finalidad para la que fueron recogidos. Una vez finalizada la relaci\u00f3n que legitima el tratamiento, los datos se conservar\u00e1n bloqueados con el \u00fanico objetivo de formular y defender reclamaciones y atender requerimientos de las autoridades, \u00fanicamente durante el plazo legalmente establecido.<\/p>\n<p>Asimismo, una vez finalizada la relaci\u00f3n contractual, trataremos sus datos personales para el env\u00edo de comunicaciones comerciales, siempre que dispongamos de su consentimiento expreso para ello.<\/p>\n<h2>Decisiones automatizadas y elaboraci\u00f3n de perfiles<\/h2>\n<p>La entidad no elaborar\u00e1 perfiles ni realizar\u00e1 decisiones automatizadas.<\/p>\n<h2>\u00bfCu\u00e1les son sus derechos?<\/h2>\n<p>De acuerdo con la normativa vigente, usted tiene derecho a revocar el consentimiento otorgado, as\u00ed como a ejercer sus derechos de acceso, rectificaci\u00f3n, supresi\u00f3n, limitaci\u00f3n, oposici\u00f3n y portabilidad de sus datos, as\u00ed como a no ser objeto de decisiones automatizadas.<\/p>\n<p>Asimismo, podr\u00e1 presentar una reclamaci\u00f3n ante la Agencia Espa\u00f1ola de Protecci\u00f3n de Datos (https:\/\/sedeaepd.gob.es) si considera que no se ha atendido adecuadamente el ejercicio de sus derechos por parte de NUNSYS S.A.<\/p>\n<h2>\u00bfC\u00f3mo puede ejercer sus derechos?<\/h2>\n<p>Podr\u00e1 ejercitar sus derechos contactando a trav\u00e9s del correo electr\u00f3nico: dpo@nunsys.com, indicando el motivo de su solicitud y el derecho que desea ejercer.<\/p>\n<p>En caso de que sea necesario para su identificaci\u00f3n, podremos solicitarle copia de un documento acreditativo de su identidad. Alternativamente, podr\u00e1 enviar un escrito junto con fotocopia de su DNI a la siguiente direcci\u00f3n postal: C\/ Gustave Eiffel 3, Parque Tecnol\u00f3gico, 46980 Paterna (Valencia).<\/p>\n<h2>Redes sociales<\/h2>\n<p>A trav\u00e9s de nuestra p\u00e1gina web, el usuario dispone de enlaces de acceso a nuestros perfiles en redes sociales. Estos enlaces dirigen a sitios web de terceros cuyas pol\u00edticas de privacidad son ajenas a NUNSYS S.A. Al acceder a dichos sitios web, usted podr\u00e1 decidir si acepta sus pol\u00edticas de privacidad y de cookies.<\/p>\n<p>El usuario siempre puede controlar sus conexiones, eliminar los contenidos que dejen de interesarle y restringir con qui\u00e9n comparte sus conexiones accediendo a la configuraci\u00f3n de privacidad de la red social correspondiente. Al unirse a nuestras p\u00e1ginas en redes sociales, nos facilita su consentimiento para el tratamiento de los datos personales publicados en su perfil.<\/p>\n<p>En cuanto al uso de las redes sociales, es posible que sus servidores no se encuentren en Espa\u00f1a o en la Uni\u00f3n Europea. Por ello, recomendamos consultar su pol\u00edtica de privacidad y las normas del titular de cada red social en los siguientes enlaces:<\/p>\n<ul>\n<li>Twitter: https:\/\/twitter.com\/es\/privacy<\/li>\n<li>Facebook: https:\/\/es-es.facebook.com\/privacy\/explanation<\/li>\n<li>Instagram: https:\/\/help.instagram.com\/519522125107875<\/li>\n<li>Google \/ YouTube: https:\/\/policies.google.com\/privacy?hl=es<\/li>\n<li>LinkedIn: https:\/\/es.linkedin.com\/legal\/privacy-policy<\/li>\n<\/ul>\n<h2>Modificaci\u00f3n de la Pol\u00edtica de Privacidad<\/h2>\n<p>NUNSYS S.A. podr\u00e1 modificar total o parcialmente la presente Pol\u00edtica de Privacidad si as\u00ed lo requiere la legislaci\u00f3n aplicable.<\/p>\n<p><strong>Fecha de \u00faltima versi\u00f3n:<\/strong> 09\/06\/2022.<\/p>\n","protected":false},"excerpt":{"rendered":"<p>Pol\u00edtica de Privacidad La presente Pol\u00edtica de protecci\u00f3n de datos personales (en adelante, \u201cPol\u00edtica de Privacidad\u201d) regula el tratamiento de datos personales de los usuarios web de www.nunsys.com, de acuerdo con lo establecido en la legislaci\u00f3n aplicable en materia de protecci\u00f3n de datos (Reglamento (UE) 2016\/679 y Ley Org\u00e1nica 3\/2018, de Protecci\u00f3n de Datos Personales [&#8230;]\n","protected":false},"author":1,"featured_media":0,"parent":0,"menu_order":0,"comment_status":"closed","ping_status":"closed","template":"","meta":{"footnotes":""},"class_list":["post-550","page","type-page","status-publish","hentry"],"yoast_head":"<!-- This site is optimized with the Yoast SEO plugin v26.9 - https:\/\/yoast.com\/product\/yoast-seo-wordpress\/ -->\n<title>Pol\u00edtica de privacidad - Sirena Security<\/title>\n<meta name=\"robots\" content=\"index, follow, max-snippet:-1, max-image-preview:large, max-video-preview:-1\" \/>\n<link rel=\"canonical\" href=\"https:\/\/sirena-security.com\/privacy-policy\/\" \/>\n<meta property=\"og:locale\" content=\"es_ES\" \/>\n<meta property=\"og:type\" content=\"article\" \/>\n<meta property=\"og:title\" content=\"Pol\u00edtica de privacidad - Sirena Security\" \/>\n<meta property=\"og:description\" content=\"Pol\u00edtica de Privacidad La presente Pol\u00edtica de protecci\u00f3n de datos personales (en adelante, \u201cPol\u00edtica de Privacidad\u201d) regula el tratamiento de datos personales de los usuarios web de www.nunsys.com, de acuerdo con lo establecido en la legislaci\u00f3n aplicable en materia de protecci\u00f3n de datos (Reglamento (UE) 2016\/679 y Ley Org\u00e1nica 3\/2018, de Protecci\u00f3n de Datos Personales [...]\" \/>\n<meta property=\"og:url\" content=\"https:\/\/sirena-security.com\/privacy-policy\/\" \/>\n<meta property=\"og:site_name\" content=\"Sirena Security\" \/>\n<meta property=\"article:modified_time\" content=\"2026-02-12T18:36:26+00:00\" \/>\n<meta property=\"og:image\" content=\"https:\/\/sirena-security.com\/wp-content\/uploads\/2026\/01\/sirena-security.jpg\" \/>\n\t<meta property=\"og:image:width\" content=\"1500\" \/>\n\t<meta property=\"og:image:height\" content=\"844\" \/>\n\t<meta property=\"og:image:type\" content=\"image\/jpeg\" \/>\n<meta name=\"twitter:card\" content=\"summary_large_image\" \/>\n<meta name=\"twitter:label1\" content=\"Tiempo de lectura\" \/>\n\t<meta name=\"twitter:data1\" content=\"6 minutos\" \/>\n<script type=\"application\/ld+json\" class=\"yoast-schema-graph\">{\"@context\":\"https:\/\/schema.org\",\"@graph\":[{\"@type\":\"WebPage\",\"@id\":\"https:\/\/sirena-security.com\/privacy-policy\/\",\"url\":\"https:\/\/sirena-security.com\/privacy-policy\/\",\"name\":\"Pol\u00edtica de privacidad - Sirena Security\",\"isPartOf\":{\"@id\":\"https:\/\/sirena-security.com\/#website\"},\"datePublished\":\"2026-01-26T21:54:02+00:00\",\"dateModified\":\"2026-02-12T18:36:26+00:00\",\"breadcrumb\":{\"@id\":\"https:\/\/sirena-security.com\/privacy-policy\/#breadcrumb\"},\"inLanguage\":\"es\",\"potentialAction\":[{\"@type\":\"ReadAction\",\"target\":[\"https:\/\/sirena-security.com\/privacy-policy\/\"]}]},{\"@type\":\"BreadcrumbList\",\"@id\":\"https:\/\/sirena-security.com\/privacy-policy\/#breadcrumb\",\"itemListElement\":[{\"@type\":\"ListItem\",\"position\":1,\"name\":\"Home\",\"item\":\"https:\/\/sirena-security.com\/es\/\"},{\"@type\":\"ListItem\",\"position\":2,\"name\":\"Pol\u00edtica de privacidad\"}]},{\"@type\":\"WebSite\",\"@id\":\"https:\/\/sirena-security.com\/#website\",\"url\":\"https:\/\/sirena-security.com\/\",\"name\":\"Sirena Security\",\"description\":\"\",\"publisher\":{\"@id\":\"https:\/\/sirena-security.com\/#organization\"},\"alternateName\":\"Semantic Security\",\"potentialAction\":[{\"@type\":\"SearchAction\",\"target\":{\"@type\":\"EntryPoint\",\"urlTemplate\":\"https:\/\/sirena-security.com\/?s={search_term_string}\"},\"query-input\":{\"@type\":\"PropertyValueSpecification\",\"valueRequired\":true,\"valueName\":\"search_term_string\"}}],\"inLanguage\":\"es\"},{\"@type\":\"Organization\",\"@id\":\"https:\/\/sirena-security.com\/#organization\",\"name\":\"Sirena Security\",\"url\":\"https:\/\/sirena-security.com\/\",\"logo\":{\"@type\":\"ImageObject\",\"inLanguage\":\"es\",\"@id\":\"https:\/\/sirena-security.com\/#\/schema\/logo\/image\/\",\"url\":\"https:\/\/sirena-security.com\/wp-content\/uploads\/2026\/01\/logo.sirena.png\",\"contentUrl\":\"https:\/\/sirena-security.com\/wp-content\/uploads\/2026\/01\/logo.sirena.png\",\"width\":336,\"height\":125,\"caption\":\"Sirena Security\"},\"image\":{\"@id\":\"https:\/\/sirena-security.com\/#\/schema\/logo\/image\/\"}}]}<\/script>\n<!-- \/ Yoast SEO plugin. -->","yoast_head_json":{"title":"Pol\u00edtica de privacidad - Sirena Security","robots":{"index":"index","follow":"follow","max-snippet":"max-snippet:-1","max-image-preview":"max-image-preview:large","max-video-preview":"max-video-preview:-1"},"canonical":"https:\/\/sirena-security.com\/privacy-policy\/","og_locale":"es_ES","og_type":"article","og_title":"Pol\u00edtica de privacidad - Sirena Security","og_description":"Pol\u00edtica de Privacidad La presente Pol\u00edtica de protecci\u00f3n de datos personales (en adelante, \u201cPol\u00edtica de Privacidad\u201d) regula el tratamiento de datos personales de los usuarios web de www.nunsys.com, de acuerdo con lo establecido en la legislaci\u00f3n aplicable en materia de protecci\u00f3n de datos (Reglamento (UE) 2016\/679 y Ley Org\u00e1nica 3\/2018, de Protecci\u00f3n de Datos Personales [...]","og_url":"https:\/\/sirena-security.com\/privacy-policy\/","og_site_name":"Sirena Security","article_modified_time":"2026-02-12T18:36:26+00:00","og_image":[{"width":1500,"height":844,"url":"https:\/\/sirena-security.com\/wp-content\/uploads\/2026\/01\/sirena-security.jpg","type":"image\/jpeg"}],"twitter_card":"summary_large_image","twitter_misc":{"Tiempo de lectura":"6 minutos"},"schema":{"@context":"https:\/\/schema.org","@graph":[{"@type":"WebPage","@id":"https:\/\/sirena-security.com\/privacy-policy\/","url":"https:\/\/sirena-security.com\/privacy-policy\/","name":"Pol\u00edtica de privacidad - Sirena Security","isPartOf":{"@id":"https:\/\/sirena-security.com\/#website"},"datePublished":"2026-01-26T21:54:02+00:00","dateModified":"2026-02-12T18:36:26+00:00","breadcrumb":{"@id":"https:\/\/sirena-security.com\/privacy-policy\/#breadcrumb"},"inLanguage":"es","potentialAction":[{"@type":"ReadAction","target":["https:\/\/sirena-security.com\/privacy-policy\/"]}]},{"@type":"BreadcrumbList","@id":"https:\/\/sirena-security.com\/privacy-policy\/#breadcrumb","itemListElement":[{"@type":"ListItem","position":1,"name":"Home","item":"https:\/\/sirena-security.com\/es\/"},{"@type":"ListItem","position":2,"name":"Pol\u00edtica de privacidad"}]},{"@type":"WebSite","@id":"https:\/\/sirena-security.com\/#website","url":"https:\/\/sirena-security.com\/","name":"Sirena Security","description":"","publisher":{"@id":"https:\/\/sirena-security.com\/#organization"},"alternateName":"Semantic Security","potentialAction":[{"@type":"SearchAction","target":{"@type":"EntryPoint","urlTemplate":"https:\/\/sirena-security.com\/?s={search_term_string}"},"query-input":{"@type":"PropertyValueSpecification","valueRequired":true,"valueName":"search_term_string"}}],"inLanguage":"es"},{"@type":"Organization","@id":"https:\/\/sirena-security.com\/#organization","name":"Sirena Security","url":"https:\/\/sirena-security.com\/","logo":{"@type":"ImageObject","inLanguage":"es","@id":"https:\/\/sirena-security.com\/#\/schema\/logo\/image\/","url":"https:\/\/sirena-security.com\/wp-content\/uploads\/2026\/01\/logo.sirena.png","contentUrl":"https:\/\/sirena-security.com\/wp-content\/uploads\/2026\/01\/logo.sirena.png","width":336,"height":125,"caption":"Sirena Security"},"image":{"@id":"https:\/\/sirena-security.com\/#\/schema\/logo\/image\/"}}]}},"_links":{"self":[{"href":"https:\/\/sirena-security.com\/es\/wp-json\/wp\/v2\/pages\/550","targetHints":{"allow":["GET"]}}],"collection":[{"href":"https:\/\/sirena-security.com\/es\/wp-json\/wp\/v2\/pages"}],"about":[{"href":"https:\/\/sirena-security.com\/es\/wp-json\/wp\/v2\/types\/page"}],"author":[{"embeddable":true,"href":"https:\/\/sirena-security.com\/es\/wp-json\/wp\/v2\/users\/1"}],"replies":[{"embeddable":true,"href":"https:\/\/sirena-security.com\/es\/wp-json\/wp\/v2\/comments?post=550"}],"version-history":[{"count":2,"href":"https:\/\/sirena-security.com\/es\/wp-json\/wp\/v2\/pages\/550\/revisions"}],"predecessor-version":[{"id":552,"href":"https:\/\/sirena-security.com\/es\/wp-json\/wp\/v2\/pages\/550\/revisions\/552"}],"wp:attachment":[{"href":"https:\/\/sirena-security.com\/es\/wp-json\/wp\/v2\/media?parent=550"}],"curies":[{"name":"wp","href":"https:\/\/api.w.org\/{rel}","templated":true}]}}