{"id":560,"date":"2026-01-19T18:35:08","date_gmt":"2026-01-19T18:35:08","guid":{"rendered":"https:\/\/sirena-security.com\/?page_id=560"},"modified":"2026-02-13T17:42:49","modified_gmt":"2026-02-13T17:42:49","slug":"funcionalidades","status":"publish","type":"page","link":"https:\/\/sirena-security.com\/es\/funcionalidades\/","title":{"rendered":"Funcionalidades"},"content":{"rendered":"<div class=\"wpb-content-wrapper\">[vc_row][vc_column]\n\t\t\t\t<p class=\"rs-p-wp-fix\"><\/p>\n\t\t\t\t<sr7-module data-alias=\"sirena-bonita-1\" data-id=\"24\" id=\"SR7_24_1\" class=\"rs-ov-hidden\" data-version=\"6.7.40\">\n\t\t\t\t\t<sr7-adjuster><\/sr7-adjuster>\n\t\t\t\t\t<sr7-content>\n\t\t\t\t\t\t<sr7-slide id=\"SR7_24_1-70\" data-key=\"70\">\n\t\t\t\t\t\t\t<sr7-bg id=\"SR7_24_1-70-3\" class=\"sr7-layer\"><noscript><img decoding=\"async\" src=\"https:\/\/sirena-security.com\/wp-content\/uploads\/2026\/02\/fondo-azul-scaled.jpg\" alt=\"\" title=\"Screenshot\"><\/noscript><\/sr7-bg>\n\t\t\t\t\t\t\t<sr7-txt id=\"SR7_24_1-70-2\" class=\"sr7-layer\">FUNCIONALIDADES<\/sr7-txt>\n\t\t\t\t\t\t<\/sr7-slide>\n\t\t\t\t\t\t<sr7-slide id=\"SR7_24_1-71\" data-key=\"71\">\n\t\t\t\t\t\t<\/sr7-slide>\n\t\t\t\t\t<\/sr7-content>\n\t\t\t\t\t<image_lists style=\"display:none\">\n\t\t\t\t\t\t<img data-src=\"\/\/sirena-security.com\/wp-content\/uploads\/2026\/02\/CISO-SOC-CTO.png\" data-libid=\"853\" data-lib=\"medialibrary\" title=\"CISO SOC CTO\" width=\"0\" height=\"0\" data-dbsrc=\"Ly9zaXJlbmEtc2VjdXJpdHkuY29tL3dwLWNvbnRlbnQvdXBsb2Fkcy8yMDI2LzAyL0NJU08tU09DLUNUTy5wbmc=\"\/>\n\t\t\t\t\t\t<img data-src=\"\/\/sirena-security.com\/wp-content\/uploads\/2026\/02\/fondo-azul-scaled.jpg\" data-libid=\"401\" data-lib=\"medialibrary\" title=\"Screenshot\" width=\"0\" height=\"0\" data-dbsrc=\"Ly9zaXJlbmEtc2VjdXJpdHkuY29tL3dwLWNvbnRlbnQvdXBsb2Fkcy8yMDI2LzAyL2ZvbmRvLWF6dWwtc2NhbGVkLmpwZw==\"\/>\n\t\t\t\t\t<\/image_lists>\n\t\t\t\t<\/sr7-module>\n\t\t\t\t<script>\n\t\t\t\t\tSR7.PMH ??={}; SR7.PMH[\"SR7_24_1\"] = {cn:100,state:false,fn: function() { if (_tpt!==undefined && _tpt.prepareModuleHeight !== undefined) {  _tpt.prepareModuleHeight({id:\"SR7_24_1\",el:[600,600,768,960,720],type:'hero',shdw:'0',gh:[600,600,768,960,720],gw:[1240,1240,1024,778,480],vpt:['-100px&#039;,&#039;-100px&#039;,&#039;-100px&#039;,&#039;-100px&#039;,&#039;-100px'],size:{fullWidth:true, fullHeight:false},mh:'0',onh:0,onw:0,bg:{color:'{\"orig\":\"transparent\",\"type\":\"solid\",\"string\":\"transparent\"}'}});   SR7.PMH[\"SR7_24_1\"].state=true;} else if(SR7.PMH[\"SR7_24_1\"].cn-->0)\tsetTimeout( SR7.PMH[\"SR7_24_1\"].fn,19);}};SR7.PMH[\"SR7_24_1\" ].fn();\n\t\t\t\t<\/script>\n[\/vc_column][\/vc_row][vc_row gap=\u00bb35&#8243; css=\u00bb.vc_custom_1770412026242{padding-top: 5% !important;padding-right: 5% !important;padding-bottom: 5% !important;padding-left: 5% !important;background-color: #151318 !important;}\u00bb el_id=\u00bbvisibilidad\u00bb][vc_column width=\u00bb1\/2&#8243;][vc_single_image image=\u00bb565&#8243; img_size=\u00bbfull\u00bb alignment=\u00bbcenter\u00bb style=\u00bbvc_box_rounded\u00bb onclick=\u00bbimg_link_large\u00bb img_link_target=\u00bb_blank\u00bb css_animation=\u00bbfadeInLeft\u00bb css=\u00bb\u00bb][\/vc_column][vc_column width=\u00bb1\/2&#8243;][vc_column_text css=\u00bb\u00bb]\n<h3><span style=\"font-size: 80%;\" data-text-color=\"success\">Visibilidad en tiempo real<\/span><\/h3>\n<h1><span style=\"font-size: 110%;\" data-text-color=\"primary\">Cuadros de mando<br \/>\n<\/span><\/h1>\n<p><span data-text-color=\"success\">El cuadro de mando permite ver las alertas, riesgos y anomal\u00edas agrupadas por Activo de negocio, pero tambi\u00e9n por servicios de alto nivel o por Negocio directamente, de modo que tengamos una foto completa de nuestro entorno de operaciones, y cada responsable pueda tener su propio cuadro de mando.<\/span><\/p>\n<p><span data-text-color=\"success\">Los informes se pueden programar y enviar a cada responsable para analizar el estado de la seguridad, de las operaciones, y la tendencia de cada sistema.<\/span>[\/vc_column_text][\/vc_column][\/vc_row][vc_row gap=\u00bb35&#8243; css=\u00bb.vc_custom_1770412345794{padding-top: 5% !important;padding-right: 5% !important;padding-bottom: 5% !important;padding-left: 5% !important;background-color: #262734 !important;}\u00bb el_id=\u00bbsemantico\u00bb][vc_column][vc_column_text css=\u00bb\u00bb]\n<h3><span style=\"font-size: 80%;\" data-text-color=\"success\">Contexto sem\u00e1ntico<\/span><\/h3>\n<h1><span style=\"font-size: 110%;\" data-text-color=\"primary\">Mejoras en operaciones<br \/>\n<\/span><\/h1>\n<p><span data-text-color=\"success\">Cada alerta va enriquecida con informaci\u00f3n del negocio (cumplimiento, gesti\u00f3n\u2026)<br \/>\n<\/span><br \/>\n[\/vc_column_text][vc_single_image image=\u00bb574&#8243; img_size=\u00bbfull\u00bb alignment=\u00bbright\u00bb style=\u00bbvc_box_rounded\u00bb css=\u00bb.vc_custom_1770929870689{padding-top: 3% !important;padding-right: 10% !important;padding-bottom: 3% !important;padding-left: 10% !important;}\u00bb][\/vc_column][\/vc_row][vc_row gap=\u00bb35&#8243; css=\u00bb.vc_custom_1770412866919{padding-top: 5% !important;padding-right: 5% !important;padding-bottom: 5% !important;padding-left: 5% !important;background-color: #151318 !important;}\u00bb el_id=\u00bbgrc\u00bb][vc_column][vc_column_text css=\u00bb\u00bb]\n<h3><span style=\"font-size: 80%;\" data-text-color=\"success\">Gobernanza GRC<\/span><\/h3>\n<h1><span style=\"font-size: 110%;\" data-text-color=\"primary\">Cumplimiento y gesti\u00f3n de la seguridad din\u00e1mica<\/span><\/h1>\n[\/vc_column_text][vc_row_inner css=\u00bb.vc_custom_1770491574993{padding-top: 5% !important;}\u00bb][vc_column_inner width=\u00bb1\/2&#8243;][vc_single_image image=\u00bb568&#8243; img_size=\u00bbfull\u00bb alignment=\u00bbcenter\u00bb style=\u00bbvc_box_rounded\u00bb css=\u00bb.vc_custom_1770232710632{padding-top: 3% !important;padding-right: 10% !important;padding-bottom: 3% !important;padding-left: 10% !important;}\u00bb][\/vc_column_inner][vc_column_inner width=\u00bb1\/2&#8243;][vc_single_image image=\u00bb569&#8243; img_size=\u00bbfull\u00bb alignment=\u00bbcenter\u00bb style=\u00bbvc_box_rounded\u00bb css=\u00bb.vc_custom_1770382690486{padding-top: 3% !important;padding-right: 10% !important;padding-bottom: 3% !important;padding-left: 10% !important;}\u00bb][\/vc_column_inner][\/vc_row_inner][\/vc_column][\/vc_row][vc_row gap=\u00bb35&#8243; css=\u00bb.vc_custom_1770412396869{padding-top: 5% !important;padding-right: 5% !important;padding-bottom: 5% !important;padding-left: 5% !important;background-color: #262734 !important;}\u00bb el_id=\u00bbholistica\u00bb][vc_column][vc_column_text css=\u00bb\u00bb]\n<h3><span style=\"font-size: 80%;\" data-text-color=\"success\">Seguridad hol\u00edstica<\/span><\/h3>\n<h1><span style=\"font-size: 110%;\" data-text-color=\"primary\">Operaciones y Gesti\u00f3n en una \u00fanica plataforma<br \/>\n<\/span><\/h1>\n[\/vc_column_text][vc_row_inner css=\u00bb.vc_custom_1770233585051{padding-top: 3% !important;}\u00bb][vc_column_inner][vc_single_image image=\u00bb576&#8243; img_size=\u00bbfull\u00bb alignment=\u00bbcenter\u00bb style=\u00bbvc_box_rounded\u00bb css=\u00bb.vc_custom_1770930273455{padding-top: 3% !important;padding-right: 10% !important;padding-bottom: 3% !important;padding-left: 10% !important;}\u00bb][\/vc_column_inner][\/vc_row_inner][vc_column_text css=\u00bb.vc_custom_1770412905995{padding-right: 10% !important;padding-left: 10% !important;}\u00bb]\n<h3><span data-text-color=\"success\">SIRENA permite mantener un seguimiento con el CISO del Plan de Tratamiento de Riesgos sincronizado con la revisi\u00f3n peri\u00f3dica con el CTO de las alertas m\u00e1s relevantes.<\/span><\/h3>\n[\/vc_column_text][\/vc_column][\/vc_row][vc_row css=\u00bb.vc_custom_1770411977127{padding-top: 10% !important;padding-bottom: 10% !important;background-color: #151318 !important;}\u00bb][vc_column css_animation=\u00bbnone\u00bb][mvc_advanced_button align=\u00bbcenter\u00bb btn_text=\u00bbCONTACTA CON NOSOTROS\u00bb border_style=\u00bbsolid\u00bb border_width=\u00bb1&#8243; use_theme_fonts=\u00bbyes\u00bb btn_clr=\u00bb#000000&#8243; btn_bg=\u00bb#00FFE3&#8243; btn_hvrclr=\u00bb#00FFE3&#8243; btn_border=\u00bb#00FFE3&#8243; btn_radius=\u00bb40&#8243; btn_hvrbg=\u00bb#000000&#8243; btn_url=\u00bburl:https%3A%2F%2Fsirena-security.com%2Fes%2Fcontacto\u00bb][\/vc_column][\/vc_row]\n<\/div>","protected":false},"excerpt":{"rendered":"[vc_row][vc_column][\/vc_column][\/vc_row][vc_row gap=\u00bb35&#8243; css=\u00bb.vc_custom_1770412026242{padding-top: 5% !important;padding-right: 5% !important;padding-bottom: 5% !important;padding-left: 5% !important;background-color: #151318 !important;}\u00bb el_id=\u00bbvisibilidad\u00bb][vc_column width=\u00bb1\/2&#8243;][vc_single_image image=\u00bb565&#8243; img_size=\u00bbfull\u00bb alignment=\u00bbcenter\u00bb style=\u00bbvc_box_rounded\u00bb onclick=\u00bbimg_link_large\u00bb img_link_target=\u00bb_blank\u00bb css_animation=\u00bbfadeInLeft\u00bb css=\u00bb\u00bb][\/vc_column][vc_column width=\u00bb1\/2&#8243;][vc_column_text css=\u00bb\u00bb] Visibilidad en tiempo real Cuadros de mando El cuadro de mando permite ver las alertas, riesgos y anomal\u00edas agrupadas por Activo de negocio, pero tambi\u00e9n por servicios de alto nivel [&#8230;]\n","protected":false},"author":1,"featured_media":813,"parent":0,"menu_order":0,"comment_status":"closed","ping_status":"closed","template":"page-blank.php","meta":{"footnotes":""},"class_list":["post-560","page","type-page","status-publish","has-post-thumbnail","hentry"],"yoast_head":"<!-- This site is optimized with the Yoast SEO plugin v26.9 - https:\/\/yoast.com\/product\/yoast-seo-wordpress\/ -->\n<title>Funcionalidades de SIRENA | Paneles SOC y GRC<\/title>\n<meta name=\"description\" content=\"Paneles SOC en tiempo real y enriquecimiento sem\u00e1ntico de alertas con gobierno GRC integrado en una \u00fanica plataforma de ciberseguridad.\" \/>\n<meta name=\"robots\" content=\"index, follow, max-snippet:-1, max-image-preview:large, max-video-preview:-1\" \/>\n<link rel=\"canonical\" href=\"https:\/\/sirena-security.com\/es\/funcionalidades\/\" \/>\n<meta property=\"og:locale\" content=\"es_ES\" \/>\n<meta property=\"og:type\" content=\"article\" \/>\n<meta property=\"og:title\" content=\"Funcionalidades de SIRENA | Paneles SOC y GRC\" \/>\n<meta property=\"og:description\" content=\"Paneles SOC en tiempo real y enriquecimiento sem\u00e1ntico de alertas con gobierno GRC integrado en una \u00fanica plataforma de ciberseguridad.\" \/>\n<meta property=\"og:url\" content=\"https:\/\/sirena-security.com\/es\/funcionalidades\/\" \/>\n<meta property=\"og:site_name\" content=\"Sirena Security\" \/>\n<meta property=\"article:modified_time\" content=\"2026-02-13T17:42:49+00:00\" \/>\n<meta property=\"og:image\" content=\"https:\/\/sirena-security.com\/wp-content\/uploads\/2026\/02\/Trabajadores.png\" \/>\n\t<meta property=\"og:image:width\" content=\"1332\" \/>\n\t<meta property=\"og:image:height\" content=\"493\" \/>\n\t<meta property=\"og:image:type\" content=\"image\/png\" \/>\n<meta name=\"twitter:card\" content=\"summary_large_image\" \/>\n<meta name=\"twitter:label1\" content=\"Tiempo de lectura\" \/>\n\t<meta name=\"twitter:data1\" content=\"2 minutos\" \/>\n<script type=\"application\/ld+json\" class=\"yoast-schema-graph\">{\"@context\":\"https:\/\/schema.org\",\"@graph\":[{\"@type\":\"WebPage\",\"@id\":\"https:\/\/sirena-security.com\/es\/funcionalidades\/\",\"url\":\"https:\/\/sirena-security.com\/es\/funcionalidades\/\",\"name\":\"Funcionalidades de SIRENA | Paneles SOC y GRC\",\"isPartOf\":{\"@id\":\"https:\/\/sirena-security.com\/#website\"},\"primaryImageOfPage\":{\"@id\":\"https:\/\/sirena-security.com\/es\/funcionalidades\/#primaryimage\"},\"image\":{\"@id\":\"https:\/\/sirena-security.com\/es\/funcionalidades\/#primaryimage\"},\"thumbnailUrl\":\"https:\/\/sirena-security.com\/wp-content\/uploads\/2026\/02\/Trabajadores.png\",\"datePublished\":\"2026-01-19T18:35:08+00:00\",\"dateModified\":\"2026-02-13T17:42:49+00:00\",\"description\":\"Paneles SOC en tiempo real y enriquecimiento sem\u00e1ntico de alertas con gobierno GRC integrado en una \u00fanica plataforma de ciberseguridad.\",\"breadcrumb\":{\"@id\":\"https:\/\/sirena-security.com\/es\/funcionalidades\/#breadcrumb\"},\"inLanguage\":\"es\",\"potentialAction\":[{\"@type\":\"ReadAction\",\"target\":[\"https:\/\/sirena-security.com\/es\/funcionalidades\/\"]}]},{\"@type\":\"ImageObject\",\"inLanguage\":\"es\",\"@id\":\"https:\/\/sirena-security.com\/es\/funcionalidades\/#primaryimage\",\"url\":\"https:\/\/sirena-security.com\/wp-content\/uploads\/2026\/02\/Trabajadores.png\",\"contentUrl\":\"https:\/\/sirena-security.com\/wp-content\/uploads\/2026\/02\/Trabajadores.png\",\"width\":1332,\"height\":493},{\"@type\":\"BreadcrumbList\",\"@id\":\"https:\/\/sirena-security.com\/es\/funcionalidades\/#breadcrumb\",\"itemListElement\":[{\"@type\":\"ListItem\",\"position\":1,\"name\":\"Home\",\"item\":\"https:\/\/sirena-security.com\/es\/\"},{\"@type\":\"ListItem\",\"position\":2,\"name\":\"Funcionalidades\"}]},{\"@type\":\"WebSite\",\"@id\":\"https:\/\/sirena-security.com\/#website\",\"url\":\"https:\/\/sirena-security.com\/\",\"name\":\"Sirena Security\",\"description\":\"\",\"publisher\":{\"@id\":\"https:\/\/sirena-security.com\/#organization\"},\"alternateName\":\"Semantic Security\",\"potentialAction\":[{\"@type\":\"SearchAction\",\"target\":{\"@type\":\"EntryPoint\",\"urlTemplate\":\"https:\/\/sirena-security.com\/?s={search_term_string}\"},\"query-input\":{\"@type\":\"PropertyValueSpecification\",\"valueRequired\":true,\"valueName\":\"search_term_string\"}}],\"inLanguage\":\"es\"},{\"@type\":\"Organization\",\"@id\":\"https:\/\/sirena-security.com\/#organization\",\"name\":\"Sirena Security\",\"url\":\"https:\/\/sirena-security.com\/\",\"logo\":{\"@type\":\"ImageObject\",\"inLanguage\":\"es\",\"@id\":\"https:\/\/sirena-security.com\/#\/schema\/logo\/image\/\",\"url\":\"https:\/\/sirena-security.com\/wp-content\/uploads\/2026\/01\/logo.sirena.png\",\"contentUrl\":\"https:\/\/sirena-security.com\/wp-content\/uploads\/2026\/01\/logo.sirena.png\",\"width\":336,\"height\":125,\"caption\":\"Sirena Security\"},\"image\":{\"@id\":\"https:\/\/sirena-security.com\/#\/schema\/logo\/image\/\"}}]}<\/script>\n<!-- \/ Yoast SEO plugin. -->","yoast_head_json":{"title":"Funcionalidades de SIRENA | Paneles SOC y GRC","description":"Paneles SOC en tiempo real y enriquecimiento sem\u00e1ntico de alertas con gobierno GRC integrado en una \u00fanica plataforma de ciberseguridad.","robots":{"index":"index","follow":"follow","max-snippet":"max-snippet:-1","max-image-preview":"max-image-preview:large","max-video-preview":"max-video-preview:-1"},"canonical":"https:\/\/sirena-security.com\/es\/funcionalidades\/","og_locale":"es_ES","og_type":"article","og_title":"Funcionalidades de SIRENA | Paneles SOC y GRC","og_description":"Paneles SOC en tiempo real y enriquecimiento sem\u00e1ntico de alertas con gobierno GRC integrado en una \u00fanica plataforma de ciberseguridad.","og_url":"https:\/\/sirena-security.com\/es\/funcionalidades\/","og_site_name":"Sirena Security","article_modified_time":"2026-02-13T17:42:49+00:00","og_image":[{"width":1332,"height":493,"url":"https:\/\/sirena-security.com\/wp-content\/uploads\/2026\/02\/Trabajadores.png","type":"image\/png"}],"twitter_card":"summary_large_image","twitter_misc":{"Tiempo de lectura":"2 minutos"},"schema":{"@context":"https:\/\/schema.org","@graph":[{"@type":"WebPage","@id":"https:\/\/sirena-security.com\/es\/funcionalidades\/","url":"https:\/\/sirena-security.com\/es\/funcionalidades\/","name":"Funcionalidades de SIRENA | Paneles SOC y GRC","isPartOf":{"@id":"https:\/\/sirena-security.com\/#website"},"primaryImageOfPage":{"@id":"https:\/\/sirena-security.com\/es\/funcionalidades\/#primaryimage"},"image":{"@id":"https:\/\/sirena-security.com\/es\/funcionalidades\/#primaryimage"},"thumbnailUrl":"https:\/\/sirena-security.com\/wp-content\/uploads\/2026\/02\/Trabajadores.png","datePublished":"2026-01-19T18:35:08+00:00","dateModified":"2026-02-13T17:42:49+00:00","description":"Paneles SOC en tiempo real y enriquecimiento sem\u00e1ntico de alertas con gobierno GRC integrado en una \u00fanica plataforma de ciberseguridad.","breadcrumb":{"@id":"https:\/\/sirena-security.com\/es\/funcionalidades\/#breadcrumb"},"inLanguage":"es","potentialAction":[{"@type":"ReadAction","target":["https:\/\/sirena-security.com\/es\/funcionalidades\/"]}]},{"@type":"ImageObject","inLanguage":"es","@id":"https:\/\/sirena-security.com\/es\/funcionalidades\/#primaryimage","url":"https:\/\/sirena-security.com\/wp-content\/uploads\/2026\/02\/Trabajadores.png","contentUrl":"https:\/\/sirena-security.com\/wp-content\/uploads\/2026\/02\/Trabajadores.png","width":1332,"height":493},{"@type":"BreadcrumbList","@id":"https:\/\/sirena-security.com\/es\/funcionalidades\/#breadcrumb","itemListElement":[{"@type":"ListItem","position":1,"name":"Home","item":"https:\/\/sirena-security.com\/es\/"},{"@type":"ListItem","position":2,"name":"Funcionalidades"}]},{"@type":"WebSite","@id":"https:\/\/sirena-security.com\/#website","url":"https:\/\/sirena-security.com\/","name":"Sirena Security","description":"","publisher":{"@id":"https:\/\/sirena-security.com\/#organization"},"alternateName":"Semantic Security","potentialAction":[{"@type":"SearchAction","target":{"@type":"EntryPoint","urlTemplate":"https:\/\/sirena-security.com\/?s={search_term_string}"},"query-input":{"@type":"PropertyValueSpecification","valueRequired":true,"valueName":"search_term_string"}}],"inLanguage":"es"},{"@type":"Organization","@id":"https:\/\/sirena-security.com\/#organization","name":"Sirena Security","url":"https:\/\/sirena-security.com\/","logo":{"@type":"ImageObject","inLanguage":"es","@id":"https:\/\/sirena-security.com\/#\/schema\/logo\/image\/","url":"https:\/\/sirena-security.com\/wp-content\/uploads\/2026\/01\/logo.sirena.png","contentUrl":"https:\/\/sirena-security.com\/wp-content\/uploads\/2026\/01\/logo.sirena.png","width":336,"height":125,"caption":"Sirena Security"},"image":{"@id":"https:\/\/sirena-security.com\/#\/schema\/logo\/image\/"}}]}},"_links":{"self":[{"href":"https:\/\/sirena-security.com\/es\/wp-json\/wp\/v2\/pages\/560","targetHints":{"allow":["GET"]}}],"collection":[{"href":"https:\/\/sirena-security.com\/es\/wp-json\/wp\/v2\/pages"}],"about":[{"href":"https:\/\/sirena-security.com\/es\/wp-json\/wp\/v2\/types\/page"}],"author":[{"embeddable":true,"href":"https:\/\/sirena-security.com\/es\/wp-json\/wp\/v2\/users\/1"}],"replies":[{"embeddable":true,"href":"https:\/\/sirena-security.com\/es\/wp-json\/wp\/v2\/comments?post=560"}],"version-history":[{"count":8,"href":"https:\/\/sirena-security.com\/es\/wp-json\/wp\/v2\/pages\/560\/revisions"}],"predecessor-version":[{"id":598,"href":"https:\/\/sirena-security.com\/es\/wp-json\/wp\/v2\/pages\/560\/revisions\/598"}],"wp:featuredmedia":[{"embeddable":true,"href":"https:\/\/sirena-security.com\/es\/wp-json\/wp\/v2\/media\/813"}],"wp:attachment":[{"href":"https:\/\/sirena-security.com\/es\/wp-json\/wp\/v2\/media?parent=560"}],"curies":[{"name":"wp","href":"https:\/\/api.w.org\/{rel}","templated":true}]}}