{"id":610,"date":"2026-02-12T23:11:25","date_gmt":"2026-02-12T23:11:25","guid":{"rendered":"https:\/\/sirena-security.com\/?page_id=610"},"modified":"2026-02-13T17:39:14","modified_gmt":"2026-02-13T17:39:14","slug":"integraciones","status":"publish","type":"page","link":"https:\/\/sirena-security.com\/es\/integraciones\/","title":{"rendered":"Integraciones"},"content":{"rendered":"<div class=\"wpb-content-wrapper\">[vc_row css=\u00bb.vc_custom_1770982865273{padding-top: 7% !important;padding-right: 10% !important;padding-bottom: 7% !important;padding-left: 10% !important;background-image: url(https:\/\/sirena-security.com\/wp-content\/uploads\/2026\/02\/ciberseguridad-sirena.jpg?id=754) !important;background-position: center !important;background-repeat: no-repeat !important;background-size: cover !important;}\u00bb][vc_column][vc_column_text css_animation=\u00bbfadeInLeft\u00bb css=\u00bb.vc_custom_1770980332592{padding-bottom: 5% !important;}\u00bb]\n<h1 style=\"text-align: center;\"><span style=\"font-size: 150%;\" data-text-color=\"success\"><strong>INTEGRACIONES<\/strong><\/span><\/h1>\n[\/vc_column_text][vc_row_inner content_placement=\u00bbmiddle\u00bb gap=\u00bb35&#8243; css=\u00bb.vc_custom_1770980873378{padding-top: 5% !important;padding-right: 3% !important;padding-bottom: 5% !important;padding-left: 3% !important;background-color: #FFFFFF2B !important;border-radius: 35px !important;}\u00bb][vc_column_inner width=\u00bb1\/6&#8243;][vc_single_image image=\u00bb756&#8243; img_size=\u00bbfull\u00bb alignment=\u00bbcenter\u00bb css=\u00bb\u00bb][\/vc_column_inner][vc_column_inner width=\u00bb5\/6&#8243;][vc_column_text css=\u00bb\u00bb]\n<p style=\"text-align: left;\"><span data-text-color=\"success\">SIRENA se integra de forma nativa con NOZOMI, permitiendo el enriquecimiento continuo de activos, alertas y vulnerabilidades con la informaci\u00f3n de negocio proporcionada por SIRENA, de modo que cualquier incidente en NOZOMI llegue a los Sistemas de Informaci\u00f3n del cliente enriquecido con contexto de negocio.<\/span> <a href=\"https:\/\/www.nozominetworks.com\/integrations\/nunsys\/\">Ver detalles<\/a><\/p>\n[\/vc_column_text][\/vc_column_inner][\/vc_row_inner][vc_empty_space][vc_row_inner content_placement=\u00bbmiddle\u00bb gap=\u00bb35&#8243; css=\u00bb.vc_custom_1770981898024{padding-top: 5% !important;padding-right: 3% !important;padding-bottom: 5% !important;padding-left: 3% !important;background-color: #FFFFFF2B !important;border-radius: 35px !important;}\u00bb][vc_column_inner width=\u00bb1\/6&#8243;][vc_single_image image=\u00bb757&#8243; img_size=\u00bbfull\u00bb alignment=\u00bbcenter\u00bb css=\u00bb\u00bb][\/vc_column_inner][vc_column_inner width=\u00bb5\/6&#8243;][vc_column_text css=\u00bb\u00bb]<span data-text-color=\"success\">SIRENA se integra de forma nativa con CLAROTY, incluyendo tanto la versi\u00f3n xDome para entornos ICS como la soluci\u00f3n MediGate orientada al sector sanitario, permitiendo la sincronizaci\u00f3n continua de activos, alertas y vulnerabilidades con la informaci\u00f3n de negocio proporcionada por SIRENA, de modo que cualquier incidente en xDome llegue a los Sistemas de Informaci\u00f3n del cliente enriquecido con contexto de negocio.<\/span>[\/vc_column_text][\/vc_column_inner][\/vc_row_inner][vc_empty_space][vc_row_inner gap=\u00bb35&#8243; css=\u00bb.vc_custom_1770980943490{padding-top: 5% !important;padding-right: 3% !important;padding-bottom: 5% !important;padding-left: 3% !important;background-color: #FFFFFF2B !important;border-radius: 35px !important;}\u00bb][vc_column_inner width=\u00bb1\/6&#8243;][vc_single_image image=\u00bb758&#8243; img_size=\u00bbfull\u00bb alignment=\u00bbcenter\u00bb css=\u00bb\u00bb][\/vc_column_inner][vc_column_inner width=\u00bb5\/6&#8243;][vc_column_text css=\u00bb\u00bb]<span data-text-color=\"success\">SIRENA ofrece integraci\u00f3n nativa con ARMIS, permitiendo la sincronizaci\u00f3n continua de activos, alertas, vulnerabilidades e indicadores de riesgo en entornos IT, OT, IoT y dispositivos m\u00e9dicos.<\/span>[\/vc_column_text][\/vc_column_inner][\/vc_row_inner][vc_empty_space][vc_row_inner content_placement=\u00bbmiddle\u00bb gap=\u00bb35&#8243; css=\u00bb.vc_custom_1770981893911{padding-top: 5% !important;padding-right: 3% !important;padding-bottom: 5% !important;padding-left: 3% !important;background-color: #FFFFFF2B !important;border-radius: 35px !important;}\u00bb][vc_column_inner width=\u00bb1\/6&#8243;][vc_single_image image=\u00bb759&#8243; img_size=\u00bbfull\u00bb alignment=\u00bbcenter\u00bb css=\u00bb\u00bb][\/vc_column_inner][vc_column_inner width=\u00bb5\/6&#8243;][vc_column_text css=\u00bb\u00bb]<span data-text-color=\"success\">SIRENA dispone de integraci\u00f3n con cualquier fuente de logs capaz de generar eventos transmitidos mediante el protocolo SYSLOG hacia la plataforma. Esto permite visualizar activos, vulnerabilidades y alertas enriquecidas en SIRENA, sin modificar ni enviar informaci\u00f3n al NIDS o SIEM existente (que siempre podr\u00e1 consultar la informaci\u00f3n a trav\u00e9s de la API de SIRENA).<\/span>[\/vc_column_text][\/vc_column_inner][\/vc_row_inner][vc_empty_space][vc_row_inner content_placement=\u00bbmiddle\u00bb gap=\u00bb35&#8243; css=\u00bb.vc_custom_1770981886384{padding-top: 5% !important;padding-right: 3% !important;padding-bottom: 5% !important;padding-left: 3% !important;background-color: #FFFFFF2B !important;border-radius: 35px !important;}\u00bb][vc_column_inner width=\u00bb1\/6&#8243;][vc_single_image image=\u00bb760&#8243; img_size=\u00bbfull\u00bb alignment=\u00bbcenter\u00bb css=\u00bb\u00bb][\/vc_column_inner][vc_column_inner width=\u00bb5\/6&#8243;][vc_column_text css=\u00bb\u00bb]<span data-text-color=\"success\">API de SIRENA: SIRENA dispone de una API para el enriquecimiento de alertas que puede ser consultada como fuente de inteligencia de activos de la compa\u00f1\u00eda. Habitualmente, las plataformas de Orquestaci\u00f3n, Automatizaci\u00f3n y Respuesta de Seguridad (SOAR) utilizadas por los Centros de Operaciones de Ciberseguridad (SOC) enriquecen las alertas mediante fuentes de inteligencia externas para aquellas IP p\u00fablicas que participen en el incidente. SIRENA permite enriquecer las alertas aportando informaci\u00f3n sobre los activos internos involucrados, incluyendo los sistemas de informaci\u00f3n afectados, la criticidad de los activos y cualquier dato de contacto, controles y acciones asociados a dichos activos.<\/span>[\/vc_column_text][\/vc_column_inner][\/vc_row_inner][\/vc_column][\/vc_row]\n<\/div>","protected":false},"excerpt":{"rendered":"[vc_row css=\u00bb.vc_custom_1770982865273{padding-top: 7% !important;padding-right: 10% !important;padding-bottom: 7% !important;padding-left: 10% !important;background-image: url(https:\/\/sirena-security.com\/wp-content\/uploads\/2026\/02\/ciberseguridad-sirena.jpg?id=754) !important;background-position: center !important;background-repeat: no-repeat !important;background-size: cover !important;}\u00bb][vc_column][vc_column_text css_animation=\u00bbfadeInLeft\u00bb css=\u00bb.vc_custom_1770980332592{padding-bottom: 5% !important;}\u00bb] INTEGRACIONES [\/vc_column_text][vc_row_inner content_placement=\u00bbmiddle\u00bb gap=\u00bb35&#8243; css=\u00bb.vc_custom_1770980873378{padding-top: 5% !important;padding-right: 3% !important;padding-bottom: 5% !important;padding-left: 3% !important;background-color: #FFFFFF2B !important;border-radius: 35px !important;}\u00bb][vc_column_inner width=\u00bb1\/6&#8243;][vc_single_image image=\u00bb756&#8243; img_size=\u00bbfull\u00bb alignment=\u00bbcenter\u00bb css=\u00bb\u00bb][\/vc_column_inner][vc_column_inner width=\u00bb5\/6&#8243;][vc_column_text css=\u00bb\u00bb] SIRENA se integra de forma nativa con NOZOMI, permitiendo [&#8230;]\n","protected":false},"author":1,"featured_media":641,"parent":0,"menu_order":0,"comment_status":"closed","ping_status":"closed","template":"page-blank.php","meta":{"footnotes":""},"class_list":["post-610","page","type-page","status-publish","has-post-thumbnail","hentry"],"yoast_head":"<!-- This site is optimized with the Yoast SEO plugin v26.9 - https:\/\/yoast.com\/product\/yoast-seo-wordpress\/ -->\n<title>Integraciones de SIRENA | Conectividad SIEM, OT y SOC<\/title>\n<meta name=\"description\" content=\"Integraciones nativas con Nozomi, Claroty, Armis y plataformas SIEM. Enriquece alertas, unifica la visibilidad en entornos OT e IT y conecta tu SOC con el contexto de negocio.\" \/>\n<meta name=\"robots\" content=\"index, follow, max-snippet:-1, max-image-preview:large, max-video-preview:-1\" \/>\n<link rel=\"canonical\" href=\"https:\/\/sirena-security.com\/es\/integraciones\/\" \/>\n<meta property=\"og:locale\" content=\"es_ES\" \/>\n<meta property=\"og:type\" content=\"article\" \/>\n<meta property=\"og:title\" content=\"Integraciones de SIRENA | Conectividad SIEM, OT y SOC\" \/>\n<meta property=\"og:description\" content=\"Integraciones nativas con Nozomi, Claroty, Armis y plataformas SIEM. Enriquece alertas, unifica la visibilidad en entornos OT e IT y conecta tu SOC con el contexto de negocio.\" \/>\n<meta property=\"og:url\" content=\"https:\/\/sirena-security.com\/es\/integraciones\/\" \/>\n<meta property=\"og:site_name\" content=\"Sirena Security\" \/>\n<meta property=\"article:modified_time\" content=\"2026-02-13T17:39:14+00:00\" \/>\n<meta property=\"og:image\" content=\"https:\/\/sirena-security.com\/wp-content\/uploads\/2026\/01\/sirena-security.jpg\" \/>\n\t<meta property=\"og:image:width\" content=\"1500\" \/>\n\t<meta property=\"og:image:height\" content=\"844\" \/>\n\t<meta property=\"og:image:type\" content=\"image\/jpeg\" \/>\n<meta name=\"twitter:card\" content=\"summary_large_image\" \/>\n<meta name=\"twitter:label1\" content=\"Tiempo de lectura\" \/>\n\t<meta name=\"twitter:data1\" content=\"3 minutos\" \/>\n<script type=\"application\/ld+json\" class=\"yoast-schema-graph\">{\"@context\":\"https:\/\/schema.org\",\"@graph\":[{\"@type\":\"WebPage\",\"@id\":\"https:\/\/sirena-security.com\/es\/integraciones\/\",\"url\":\"https:\/\/sirena-security.com\/es\/integraciones\/\",\"name\":\"Integraciones de SIRENA | Conectividad SIEM, OT y SOC\",\"isPartOf\":{\"@id\":\"https:\/\/sirena-security.com\/#website\"},\"primaryImageOfPage\":{\"@id\":\"https:\/\/sirena-security.com\/es\/integraciones\/#primaryimage\"},\"image\":{\"@id\":\"https:\/\/sirena-security.com\/es\/integraciones\/#primaryimage\"},\"thumbnailUrl\":\"https:\/\/sirena-security.com\/wp-content\/uploads\/2026\/01\/sirena-security.jpg\",\"datePublished\":\"2026-02-12T23:11:25+00:00\",\"dateModified\":\"2026-02-13T17:39:14+00:00\",\"description\":\"Integraciones nativas con Nozomi, Claroty, Armis y plataformas SIEM. Enriquece alertas, unifica la visibilidad en entornos OT e IT y conecta tu SOC con el contexto de negocio.\",\"breadcrumb\":{\"@id\":\"https:\/\/sirena-security.com\/es\/integraciones\/#breadcrumb\"},\"inLanguage\":\"es\",\"potentialAction\":[{\"@type\":\"ReadAction\",\"target\":[\"https:\/\/sirena-security.com\/es\/integraciones\/\"]}]},{\"@type\":\"ImageObject\",\"inLanguage\":\"es\",\"@id\":\"https:\/\/sirena-security.com\/es\/integraciones\/#primaryimage\",\"url\":\"https:\/\/sirena-security.com\/wp-content\/uploads\/2026\/01\/sirena-security.jpg\",\"contentUrl\":\"https:\/\/sirena-security.com\/wp-content\/uploads\/2026\/01\/sirena-security.jpg\",\"width\":1500,\"height\":844},{\"@type\":\"BreadcrumbList\",\"@id\":\"https:\/\/sirena-security.com\/es\/integraciones\/#breadcrumb\",\"itemListElement\":[{\"@type\":\"ListItem\",\"position\":1,\"name\":\"Home\",\"item\":\"https:\/\/sirena-security.com\/es\/\"},{\"@type\":\"ListItem\",\"position\":2,\"name\":\"Integraciones\"}]},{\"@type\":\"WebSite\",\"@id\":\"https:\/\/sirena-security.com\/#website\",\"url\":\"https:\/\/sirena-security.com\/\",\"name\":\"Sirena Security\",\"description\":\"\",\"publisher\":{\"@id\":\"https:\/\/sirena-security.com\/#organization\"},\"alternateName\":\"Semantic Security\",\"potentialAction\":[{\"@type\":\"SearchAction\",\"target\":{\"@type\":\"EntryPoint\",\"urlTemplate\":\"https:\/\/sirena-security.com\/?s={search_term_string}\"},\"query-input\":{\"@type\":\"PropertyValueSpecification\",\"valueRequired\":true,\"valueName\":\"search_term_string\"}}],\"inLanguage\":\"es\"},{\"@type\":\"Organization\",\"@id\":\"https:\/\/sirena-security.com\/#organization\",\"name\":\"Sirena Security\",\"url\":\"https:\/\/sirena-security.com\/\",\"logo\":{\"@type\":\"ImageObject\",\"inLanguage\":\"es\",\"@id\":\"https:\/\/sirena-security.com\/#\/schema\/logo\/image\/\",\"url\":\"https:\/\/sirena-security.com\/wp-content\/uploads\/2026\/01\/logo.sirena.png\",\"contentUrl\":\"https:\/\/sirena-security.com\/wp-content\/uploads\/2026\/01\/logo.sirena.png\",\"width\":336,\"height\":125,\"caption\":\"Sirena Security\"},\"image\":{\"@id\":\"https:\/\/sirena-security.com\/#\/schema\/logo\/image\/\"}}]}<\/script>\n<!-- \/ Yoast SEO plugin. -->","yoast_head_json":{"title":"Integraciones de SIRENA | Conectividad SIEM, OT y SOC","description":"Integraciones nativas con Nozomi, Claroty, Armis y plataformas SIEM. Enriquece alertas, unifica la visibilidad en entornos OT e IT y conecta tu SOC con el contexto de negocio.","robots":{"index":"index","follow":"follow","max-snippet":"max-snippet:-1","max-image-preview":"max-image-preview:large","max-video-preview":"max-video-preview:-1"},"canonical":"https:\/\/sirena-security.com\/es\/integraciones\/","og_locale":"es_ES","og_type":"article","og_title":"Integraciones de SIRENA | Conectividad SIEM, OT y SOC","og_description":"Integraciones nativas con Nozomi, Claroty, Armis y plataformas SIEM. Enriquece alertas, unifica la visibilidad en entornos OT e IT y conecta tu SOC con el contexto de negocio.","og_url":"https:\/\/sirena-security.com\/es\/integraciones\/","og_site_name":"Sirena Security","article_modified_time":"2026-02-13T17:39:14+00:00","og_image":[{"width":1500,"height":844,"url":"https:\/\/sirena-security.com\/wp-content\/uploads\/2026\/01\/sirena-security.jpg","type":"image\/jpeg"}],"twitter_card":"summary_large_image","twitter_misc":{"Tiempo de lectura":"3 minutos"},"schema":{"@context":"https:\/\/schema.org","@graph":[{"@type":"WebPage","@id":"https:\/\/sirena-security.com\/es\/integraciones\/","url":"https:\/\/sirena-security.com\/es\/integraciones\/","name":"Integraciones de SIRENA | Conectividad SIEM, OT y SOC","isPartOf":{"@id":"https:\/\/sirena-security.com\/#website"},"primaryImageOfPage":{"@id":"https:\/\/sirena-security.com\/es\/integraciones\/#primaryimage"},"image":{"@id":"https:\/\/sirena-security.com\/es\/integraciones\/#primaryimage"},"thumbnailUrl":"https:\/\/sirena-security.com\/wp-content\/uploads\/2026\/01\/sirena-security.jpg","datePublished":"2026-02-12T23:11:25+00:00","dateModified":"2026-02-13T17:39:14+00:00","description":"Integraciones nativas con Nozomi, Claroty, Armis y plataformas SIEM. Enriquece alertas, unifica la visibilidad en entornos OT e IT y conecta tu SOC con el contexto de negocio.","breadcrumb":{"@id":"https:\/\/sirena-security.com\/es\/integraciones\/#breadcrumb"},"inLanguage":"es","potentialAction":[{"@type":"ReadAction","target":["https:\/\/sirena-security.com\/es\/integraciones\/"]}]},{"@type":"ImageObject","inLanguage":"es","@id":"https:\/\/sirena-security.com\/es\/integraciones\/#primaryimage","url":"https:\/\/sirena-security.com\/wp-content\/uploads\/2026\/01\/sirena-security.jpg","contentUrl":"https:\/\/sirena-security.com\/wp-content\/uploads\/2026\/01\/sirena-security.jpg","width":1500,"height":844},{"@type":"BreadcrumbList","@id":"https:\/\/sirena-security.com\/es\/integraciones\/#breadcrumb","itemListElement":[{"@type":"ListItem","position":1,"name":"Home","item":"https:\/\/sirena-security.com\/es\/"},{"@type":"ListItem","position":2,"name":"Integraciones"}]},{"@type":"WebSite","@id":"https:\/\/sirena-security.com\/#website","url":"https:\/\/sirena-security.com\/","name":"Sirena Security","description":"","publisher":{"@id":"https:\/\/sirena-security.com\/#organization"},"alternateName":"Semantic Security","potentialAction":[{"@type":"SearchAction","target":{"@type":"EntryPoint","urlTemplate":"https:\/\/sirena-security.com\/?s={search_term_string}"},"query-input":{"@type":"PropertyValueSpecification","valueRequired":true,"valueName":"search_term_string"}}],"inLanguage":"es"},{"@type":"Organization","@id":"https:\/\/sirena-security.com\/#organization","name":"Sirena Security","url":"https:\/\/sirena-security.com\/","logo":{"@type":"ImageObject","inLanguage":"es","@id":"https:\/\/sirena-security.com\/#\/schema\/logo\/image\/","url":"https:\/\/sirena-security.com\/wp-content\/uploads\/2026\/01\/logo.sirena.png","contentUrl":"https:\/\/sirena-security.com\/wp-content\/uploads\/2026\/01\/logo.sirena.png","width":336,"height":125,"caption":"Sirena Security"},"image":{"@id":"https:\/\/sirena-security.com\/#\/schema\/logo\/image\/"}}]}},"_links":{"self":[{"href":"https:\/\/sirena-security.com\/es\/wp-json\/wp\/v2\/pages\/610","targetHints":{"allow":["GET"]}}],"collection":[{"href":"https:\/\/sirena-security.com\/es\/wp-json\/wp\/v2\/pages"}],"about":[{"href":"https:\/\/sirena-security.com\/es\/wp-json\/wp\/v2\/types\/page"}],"author":[{"embeddable":true,"href":"https:\/\/sirena-security.com\/es\/wp-json\/wp\/v2\/users\/1"}],"replies":[{"embeddable":true,"href":"https:\/\/sirena-security.com\/es\/wp-json\/wp\/v2\/comments?post=610"}],"version-history":[{"count":3,"href":"https:\/\/sirena-security.com\/es\/wp-json\/wp\/v2\/pages\/610\/revisions"}],"predecessor-version":[{"id":767,"href":"https:\/\/sirena-security.com\/es\/wp-json\/wp\/v2\/pages\/610\/revisions\/767"}],"wp:featuredmedia":[{"embeddable":true,"href":"https:\/\/sirena-security.com\/es\/wp-json\/wp\/v2\/media\/641"}],"wp:attachment":[{"href":"https:\/\/sirena-security.com\/es\/wp-json\/wp\/v2\/media?parent=610"}],"curies":[{"name":"wp","href":"https:\/\/api.w.org\/{rel}","templated":true}]}}